{"id":67,"date":"2020-01-19T15:03:54","date_gmt":"2020-01-19T15:03:54","guid":{"rendered":"https:\/\/kyronjokimaraton.com\/?page_id=67"},"modified":"2024-01-01T18:36:42","modified_gmt":"2024-01-01T18:36:42","slug":"saannot","status":"publish","type":"page","link":"https:\/\/kyronjokimaraton.com\/?page_id=67","title":{"rendered":"S\u00e4\u00e4nn\u00f6t"},"content":{"rendered":"<p><span style=\"color: #000000;\">S\u00c4\u00c4NN\u00d6T<\/span><br \/>\n<span style=\"color: #000000;\">N\u00e4m\u00e4 s\u00e4\u00e4nn\u00f6t koskevat\u00a0 Kyr\u00f6njoki-maraton tapahtumaa.<\/span><br \/>\n<span style=\"color: #000000;\">Kaikki tapahtumaan osallistuvat sitoutuvat ilmoittautuessaan noudattamaan n\u00e4it\u00e4 s\u00e4\u00e4nt\u00f6j\u00e4. Juoksun vastuullisena j\u00e4rjest\u00e4j\u00e4n\u00e4 toimii Ylistaron Alap\u00e4\u00e4n Nuorisoseura r.y. Kyr\u00f6njoki-maratonilla noudatetaan Kansainv\u00e4lisen Yleisurheiluliiton (IAAF) kilpailus\u00e4\u00e4nt\u00f6j\u00e4.<\/span><\/p>\n<p><span style=\"color: #000000;\">Tuomaristo<\/span><br \/>\n<span style=\"color: #000000;\">Juoksun tuomariston muodostavat ylituomari tapahtuman johtoryhm\u00e4n kanssa.<\/span><\/p>\n<p><span style=\"color: #000000;\">Johtoryhm\u00e4<\/span><br \/>\n<span style=\"color: #000000;\">Ylistaron Alap\u00e4\u00e4n nuorisoseuran hallitus ja mahdollinen urheilutoimikunta yhdess\u00e4.<\/span><\/p>\n<p><span style=\"color: #000000;\">Ik\u00e4raja<\/span><br \/>\n<span style=\"color: #000000;\">Kyr\u00f6njoki-maratonille ei ole ik\u00e4rajaa.<\/span><\/p>\n<p><span style=\"color: #000000;\">Sarjat<\/span><br \/>\n<span style=\"color: #000000;\">Maratonin sarjat ovat:<\/span><br \/>\n<span style=\"color: #000000;\">Maraton Miehet Yleinen (MM). Maraton Miehet 40v (MM40). Maraton Miehet 50v (MM50). Maraton Miehet 60v (MM60). Maraton Miehet 70v (MM70)<\/span><br \/>\n<span style=\"color: #000000;\">Maraton Naiset Yleinen (MN), Maraton Naiset 40v (MN40), Maraton Naiset 50v (MN50), Maraton Naiset 60v (MN60)<\/span><\/p>\n<p><span style=\"color: #000000;\"><strong>Maraton H\u00f6lkk\u00e4 (MHOL) T\u00e4yden matkan yhteinen h\u00f6lkk\u00e4sarja, l\u00e4ht\u00f6 kello 10.00 kahdeksan (8) tunnin kilpailu\/juoksuaika. Sarja ei ole kilpailusarja, eli sarja on tarkoitettu todellisille nauttijoille, joille matka ja maaliin p\u00e4\u00e4sy on t\u00e4rkein. H\u00f6lkk\u00e4sarjassa otetaan aika ja osallistumismitalin saa kaikki, sek\u00e4 mahdollisia arvontapalkintoja, sarjan parhaita ei palkita.<\/strong><\/span><\/p>\n<p><span style=\"color: #000000;\">Puolimaratonin sarjat ovat:<\/span><br \/>\n<span style=\"color: #000000;\">Puolimaraton Miehet Yleinen (PM), Puolimaraton Miehet 19v (PM19)(-nuorten sarja), Puolimaraton Miehet 40v (PM40), Puolimaraton Miehet 50v (PM50), Puolimaraton Miehet 60v (PM60)<\/span><br \/>\n<span style=\"color: #000000;\">Puolimaraton Naiset Yleinen (PN), Puolimaraton Naiset 19v (PN19)(-nuorten sarja), Puolimaraton Naiset 40v (PN40), Puolimaraton Naiset 50v (PN50)<\/span><br \/>\n<span style=\"color: #000000;\">Puolimaraton yhteinen h\u00f6lkk\u00e4 (PHOL)<\/span><\/p>\n<p><span style=\"color: #000000;\">10,5km h\u00f6lkk\u00e4\/k\u00e4vely<\/span><br \/>\n<span style=\"color: #000000;\">Yhteinen 10,5 h\u00f6lkk\u00e4, kaikille ajanotto ja huolto (HOL10,5)<\/span><\/p>\n<p><span style=\"color: #000000;\">Ilmoittautuessaan juoksijat valitsevat sarjansa. Sarja m\u00e4\u00e4r\u00e4ytyy juoksuvuoden joulukuun 31. p\u00e4iv\u00e4n i\u00e4n mukaan (IAAF:n s\u00e4\u00e4nt\u00f6 141 kohta 1). Osallistuja voi niin halutessaan osallistua oman sarjansa sijasta yleiseen sarjaan, mutta ei muihin sarjoihin. Kaikkien kilpasarjojen osallistujat osallistuvat koko kilpailun nopeimman. toiseksi- ja kolmanneksi nopeimman ajan kisaan.<\/span><\/p>\n<p><span style=\"color: #000000;\">Ilmoittautuminen<\/span><br \/>\n<span style=\"color: #000000;\">Kyr\u00f6njoki-maratonille ilmoittaudutaan kotisivulla olevan kutsun ohjeiden mukaisesti ja suorittamalla ohjeiden mukaisesti osanottomaksu j\u00e4rjest\u00e4jille. J\u00e4rjest\u00e4j\u00e4t vahvistavat kutakin tapahtumaa varten vuosittain osanottomaksun ilmoittautumisaikoineen. Ilmoittautuminen on henkil\u00f6kohtainen, eik\u00e4 sit\u00e4 voi siirt\u00e4\u00e4 toiselle henkil\u00f6lle.<\/span><\/p>\n<p><span style=\"color: #000000;\">Osanoton peruminen<\/span><br \/>\n<span style=\"color: #000000;\">Osanottoa juoksuun ei voi peruuttaa, eik\u00e4 ilmoittautumismaksuja palauteta. Sairaus- tai vammatapauksissa juoksija voi siirt\u00e4\u00e4 osallistumisoikeuden\u00a0 seuraavan vuoden tapahtumaan, edellytt\u00e4en ett\u00e4 kisa j\u00e4rjestet\u00e4\u00e4n. Sairastapaukset katsotaan aina tapauskohtaisesti ennen kilpailua. Osanotto voidaan siirt\u00e4\u00e4 vain yhden kerran ja vain itselle. Siirron edellytyksen\u00e4 on, ettei sen vuotisen tapahtuman ja juoksunumeroa ole noudettu.<\/span><\/p>\n<p><span style=\"color: #000000;\">Juoksunumero<\/span><br \/>\n<span style=\"color: #000000;\">Osallistujat ovat velvollisia pit\u00e4m\u00e4\u00e4n juoksunumeroa paidan etupuolelle kiinnitettyn\u00e4 siten, ett\u00e4 se on helposti luettavissa. Juoksunumerossa olevia mainoksia ei saa peitt\u00e4\u00e4, poistaa eik\u00e4 taittaa. Juoksunumero on henkil\u00f6kohtainen, eik\u00e4 sit\u00e4 saa siirt\u00e4\u00e4 toiselle henkil\u00f6lle. Juoksunumeroa ei tarvi aiemmista vuosista poiketen en\u00e4\u00e4 palauttaa. vaan voi pit\u00e4\u00e4 sen muistona.<\/span><\/p>\n<p><span style=\"color: #000000;\">Kilpailuaika<\/span><br \/>\n<span style=\"color: #000000;\">Kyr\u00f6njoki-maratonilla on kuuden (6) tunnin kilpailuaika t\u00e4yden matkan maratonin kilpasarjoissa, puolimaratonin kaikissa sarjoissa, sek\u00e4 10,5 km h\u00f6lk\u00e4ss\u00e4. T\u00e4yden matkan H\u00d6LKK\u00c4sarjassa on kahdeksan (8) tunnin kilpailuaika. Kun kilpailu alkaa kello 10, tai kello 12, on juoksijan ehditt\u00e4v\u00e4 maaliin kello 18.15, ett\u00e4 kilpailu hyv\u00e4ksyt\u00e4\u00e4n<\/span><\/p>\n<p><span style=\"color: #000000;\">Ajanotto<\/span><br \/>\n<span style=\"color: #000000;\">Osallistujille otetaan aika j\u00e4rjest\u00e4j\u00e4n m\u00e4\u00e4ritt\u00e4m\u00e4ll\u00e4 ajanottoj\u00e4rjestelm\u00e4ll\u00e4. Osallistujien on noudatettava j\u00e4rjest\u00e4j\u00e4n antamia ohjeita maaliintulossa. Ohjeita noudattamatta j\u00e4tt\u00e4neille ei taata aikaa.<\/span><br \/>\n<span style=\"color: #000000;\">Bruttoaika (l\u00e4ht\u00f6laukauksesta maaliviivan ylitykseen) on IAAF:n hyv\u00e4ksym\u00e4 kilpailun virallinen aika. Nettoaikaa emme ota. (l\u00e4ht\u00f6viivan ylityksest\u00e4 maaliviivan ylitykseen).<\/span><\/p>\n<p><span style=\"color: #000000;\">Keskeytt\u00e4minen<\/span><br \/>\n<span style=\"color: #000000;\">Mik\u00e4li osanottaja keskeytt\u00e4\u00e4 juoksunsa ja haluaa j\u00e4rjest\u00e4j\u00e4n tarjoaman kuljetuksen takaisin tapahtuma-alueelle, tulee h\u00e4nen ilmoittaa siit\u00e4 l\u00e4himm\u00e4ll\u00e4 huoltopisteelle, ajanottotoimistoon tai reitill\u00e4 kiert\u00e4v\u00e4lle ensiapuautolle. Kilpailu p\u00e4\u00e4ttyy 6 tunnin ja 15 minuutin kuluttua l\u00e4ht\u00f6laukauksesta. Osanottaja katsotaan keskeytt\u00e4neeksi, jos h\u00e4n ei ole saapunut maaliin kilpailun maksimiajan edellytt\u00e4m\u00e4ss\u00e4 m\u00e4\u00e4r\u00e4ajassa.<\/span><\/p>\n<p><span style=\"color: #000000;\">Hylk\u00e4\u00e4minen<\/span><br \/>\n<span style=\"color: #000000;\">J\u00e4rjest\u00e4jill\u00e4 on oikeus hyl\u00e4t\u00e4 suoritus, jos osanottajan havaitaan oikaisevan tai h\u00e4n muutoin h\u00e4iritsee kanssakilpailijoitten suoritusta. My\u00f6s n\u00e4iden s\u00e4\u00e4nt\u00f6jen noudattamatta j\u00e4tt\u00e4minen voi johtaa hylk\u00e4\u00e4miseen. Osanottajan on my\u00f6s heti keskeytett\u00e4v\u00e4 juoksunsa, jos virallisesti nimetyn l\u00e4\u00e4kint\u00e4organisaation j\u00e4sen, joka on tunnistettavissa l\u00e4\u00e4kint\u00e4henkil\u00f6st\u00f6\u00f6n kuuluvaksi, niin m\u00e4\u00e4r\u00e4\u00e4 (IAAF:n s\u00e4\u00e4nt\u00f6 240 kohta 7 C).<\/span><\/p>\n<p><span style=\"color: #000000;\">Palkinnot<\/span><br \/>\n<span style=\"color: #000000;\">Tapahtuman nimikkomitalin saa jokainen m\u00e4\u00e4r\u00e4ajassa maaliin tullut. Lis\u00e4ksi voidaan palkita juoksun voittajat ja sarjojen parhaat. Palkitsemiset p\u00e4\u00e4tet\u00e4\u00e4n jokaista juoksutapahtumaa varten erikseen.<\/span><\/p>\n<p><span style=\"color: #000000;\">Tulokset<\/span><br \/>\n<span style=\"color: #000000;\">Jokainen m\u00e4\u00e4r\u00e4ajassa maaliin juossut saa virallisen tuloksen, joka lasketaan l\u00e4ht\u00f6laukauksesta maalilinjan ylitt\u00e4miseen. Tulokset julkaistaan j\u00e4rjest\u00e4j\u00e4n nettisivuilla bruttoaikoina.<\/span><\/p>\n<p><span style=\"color: #000000;\">Vakuutus<\/span><br \/>\n<span style=\"color: #000000;\">J\u00e4rjest\u00e4j\u00e4 ei vakuuta juoksioita, suosittelemme jokaiselle omaa henkil\u00f6kohtaista vakuutusta.<\/span><\/p>\n<p><span style=\"color: #000000;\">Kuvien ja videoiden k\u00e4ytt\u00f6<\/span><br \/>\n<span style=\"color: #000000;\">J\u00e4rjest\u00e4jill\u00e4 on vapaa k\u00e4ytt\u00f6oikeus Kyr\u00f6njoki-maraton -tapahtumien aikana otettuihin kuviin ja videoihin. J\u00e4rjest\u00e4j\u00e4ll\u00e4 on oikeus my\u00f6s striimata kilpailu youtube-kanavalle.<\/span><\/p>\n<p><span style=\"color: #000000;\">Osoitetiedot<\/span><br \/>\n<span style=\"color: #000000;\">Osallistujien osoitetietoja ei k\u00e4ytet\u00e4 markkinointiin eik\u00e4 luovuteta kolmansille osapuolille<\/span><\/p>\n<p><span style=\"color: #000000;\">Valitukset<\/span><br \/>\n<span style=\"color: #000000;\">Valitukset tulee tehd\u00e4 tunnin kuluessa kilpailun p\u00e4\u00e4ttymisest\u00e4 kirjallisesti kisainfoon.<\/span><\/p>\n<p><span style=\"color: #000000;\">Ylivoimainen este (force majeure)<\/span><br \/>\n<span style=\"color: #000000;\">Ylivoimaisen ennalta arvaamattoman esteen tullessa tapahtuman j\u00e4rjest\u00e4j\u00e4 voi p\u00e4\u00e4tt\u00e4\u00e4 muuttaa tai lyhent\u00e4\u00e4 juoksureitti\u00e4 tai perua tapahtuman lyhyess\u00e4 ajassa. T\u00e4ss\u00e4 tapauksessa ilmoittautumismaksuja tai muita tapahtumaan liittyvi\u00e4 maksuja ei palauteta osallistujille.<\/span><\/p>\n<p><span style=\"color: #000000;\">Muut ohjeet<\/span><br \/>\n<span style=\"color: #000000;\">N\u00e4iden s\u00e4\u00e4nt\u00f6jen lis\u00e4ksi j\u00e4rjest\u00e4j\u00e4t voivat antaa lis\u00e4ohjeita tai m\u00e4\u00e4r\u00e4yksi\u00e4, joita osallistujat ovat velvollisia noudattamaan yht\u00e4lailla n\u00e4iden s\u00e4\u00e4nt\u00f6jen kanssa.<\/span><\/p>\n ","protected":false},"excerpt":{"rendered":"<p>S\u00c4\u00c4NN\u00d6T N\u00e4m\u00e4 s\u00e4\u00e4nn\u00f6t koskevat\u00a0 Kyr\u00f6njoki-maraton tapahtumaa. Kaikki tapahtumaan osallistuvat sitoutuvat ilmoittautuessaan noudattamaan n\u00e4it\u00e4 s\u00e4\u00e4nt\u00f6j\u00e4. Juoksun vastuullisena j\u00e4rjest\u00e4j\u00e4n\u00e4 toimii Ylistaron Alap\u00e4\u00e4n Nuorisoseura r.y. Kyr\u00f6njoki-maratonilla noudatetaan Kansainv\u00e4lisen Yleisurheiluliiton (IAAF) kilpailus\u00e4\u00e4nt\u00f6j\u00e4. Tuomaristo Juoksun tuomariston muodostavat ylituomari tapahtuman johtoryhm\u00e4n kanssa. Johtoryhm\u00e4 Ylistaron Alap\u00e4\u00e4n nuorisoseuran hallitus ja mahdollinen urheilutoimikunta yhdess\u00e4. Ik\u00e4raja Kyr\u00f6njoki-maratonille ei ole ik\u00e4rajaa. Sarjat Maratonin sarjat ovat: Maraton [&hellip;]<\/p>\n","protected":false},"author":1,"featured_media":0,"parent":0,"menu_order":0,"comment_status":"closed","ping_status":"closed","template":"","meta":{"footnotes":""},"class_list":["post-67","page","type-page","status-publish","hentry"],"_links":{"self":[{"href":"https:\/\/kyronjokimaraton.com\/index.php?rest_route=\/wp\/v2\/pages\/67","targetHints":{"allow":["GET"]}}],"collection":[{"href":"https:\/\/kyronjokimaraton.com\/index.php?rest_route=\/wp\/v2\/pages"}],"about":[{"href":"https:\/\/kyronjokimaraton.com\/index.php?rest_route=\/wp\/v2\/types\/page"}],"author":[{"embeddable":true,"href":"https:\/\/kyronjokimaraton.com\/index.php?rest_route=\/wp\/v2\/users\/1"}],"replies":[{"embeddable":true,"href":"https:\/\/kyronjokimaraton.com\/index.php?rest_route=%2Fwp%2Fv2%2Fcomments&post=67"}],"version-history":[{"count":5,"href":"https:\/\/kyronjokimaraton.com\/index.php?rest_route=\/wp\/v2\/pages\/67\/revisions"}],"predecessor-version":[{"id":413,"href":"https:\/\/kyronjokimaraton.com\/index.php?rest_route=\/wp\/v2\/pages\/67\/revisions\/413"}],"wp:attachment":[{"href":"https:\/\/kyronjokimaraton.com\/index.php?rest_route=%2Fwp%2Fv2%2Fmedia&parent=67"}],"curies":[{"name":"wp","href":"https:\/\/api.w.org\/{rel}","templated":true}]}}