{"id":65,"date":"2020-01-19T14:53:51","date_gmt":"2020-01-19T14:53:51","guid":{"rendered":"https:\/\/kyronjokimaraton.com\/?page_id=65"},"modified":"2026-01-04T12:20:51","modified_gmt":"2026-01-04T12:20:51","slug":"ohjeet","status":"publish","type":"page","link":"https:\/\/kyronjokimaraton.com\/?page_id=65","title":{"rendered":"Ohjeet"},"content":{"rendered":"<p><span style=\"color: #000000;\">39.KYR\u00d6NJOKI-MARATON 25.4.2026<\/span><\/p>\n<p><span style=\"color: #000000;\">Ohjeet juoksijoille ja k\u00e4velij\u00f6ille<\/span><\/p>\n<p><span style=\"color: #000000;\">L\u00e4ht\u00f6: Kaiki kilpasarjat, maraton, \u00bdmaraton, sek\u00e4 10,5km yhteisl\u00e4hd\u00f6ll\u00e4 klo 12.00, kilpailuaika 6h<\/span><br \/>\n<span style=\"color: #000000;\">T\u00e4ysmaratonin h\u00f6lkk\u00e4sarja l\u00e4ht\u00f6 kello 10.00, kilpailuaika 8h<\/span><br \/>\n<span style=\"color: #000000;\">-huolto on j\u00e4rjestetty my\u00f6s klo 10.00 l\u00e4htij\u00f6ille.<\/span><\/p>\n<p><span style=\"color: #000000;\">Reitti: 10,549km kierros, maraton 4 kierrosta, 1\/2maraton 2 kierrosta, h\u00f6lkk\u00e4 1 kierros<\/span><br \/>\n<span style=\"color: #000000;\">-Reitill\u00e4 kilometrimerkinn\u00e4t ja opasteet<\/span><\/p>\n<p><span style=\"color: #000000;\">Huolto: Kolme huoltopistett\u00e4 \/kierros, huolto palvelee reitill\u00e4 klo 10.00 alkaen.<\/span><br \/>\n<span style=\"color: #000000;\">-Tarjolla vesi, mehu, urheilujuoma, suolakurkku, rusinat ja banaani<\/span><br \/>\n<span style=\"color: #000000;\">-Maaliin tultaessa kisaravintolasta vett\u00e4 ja mehua.<\/span><\/p>\n<p><span style=\"color: #000000;\">Juoksu\/ Vasenta reunaa, liikennes\u00e4\u00e4nt\u00f6j\u00e4 noudattaen.<\/span><br \/>\n<span style=\"color: #000000;\">K\u00e4vely: Reitill\u00e4 olette omalla vastuulla.<\/span><br \/>\n<span style=\"color: #000000;\">Ensiapuryhm\u00e4 seuran pihassa maalialueen l\u00e4heisyydess\u00e4 ja auto kiert\u00e4\u00e4 reitill\u00e4.<\/span><\/p>\n<p><span style=\"color: #000000;\">Info: Eteisess\u00e4 infopiste.<\/span><br \/>\n<span style=\"color: #000000;\">Huoltopisteille menev\u00e4t omat juomat infopisteeseen klo 11.30 menness\u00e4<\/span><\/p>\n<p><span style=\"color: #000000;\">Keskeytys: Ilmoitus ajanottotoimistoon, ensiapuun tai huoltopisteeseen, reitilt\u00e4 p\u00e4\u00e4see pois<\/span><br \/>\n<span style=\"color: #000000;\">huoltoauton tai ensiapuauton kyydill\u00e4. Numerolappuja ei ker\u00e4t\u00e4 pois.<\/span><\/p>\n<p><span style=\"color: #000000;\">WC.t: Nuorisoseuran eteisess\u00e4, miehille my\u00f6s ulkona puucee<\/span><\/p>\n<p><span style=\"color: #000000;\">Pukeutuminen\/ Miehet Nuorisoseuran Hermannissa\/alakerrassa, naiset n\u00e4ytt\u00e4m\u00f6ll\u00e4.<\/span><br \/>\n<span style=\"color: #000000;\">Peseytyminen: Erilliset saunat\/suihkut alakerrassa, naisille kulku n\u00e4ytt\u00e4m\u00f6lt\u00e4 alakertaan.<\/span><\/p>\n<p><span style=\"color: #000000;\">Palkinnot: Kilpasarjojen \u00bdmaraton klo 14.30 ja maraton klo 16.00<\/span><br \/>\n<span style=\"color: #000000;\">-H\u00f6lkk\u00e4sarjalaiset: Tarkistakaa mahdollinen arvontapalkintonne<\/span><br \/>\n<span style=\"color: #000000;\">HETI maaliintulonne j\u00e4lkeen palkintop\u00f6yd\u00e4st\u00e4<\/span><\/p>\n<p><span style=\"color: #000000;\">Ravintola: Seuralla avoinna kello 9-17<\/span><br \/>\n<span style=\"color: #000000;\">-Makkaragrilli ulkona<br \/>\n-Nyt ravintolassa toimii my\u00f6s korttimaksu<\/span><\/p>\n<p><span style=\"color: #000000;\">J\u00e4lkihoito: Suomeksi: s\u00e4hk\u00f6postilla kjm[a]kyronjokimaraton.com tai kotisivujen palautelomakkeella.<\/span><br \/>\n<span style=\"color: #000000;\">Ruotsiksi: juha.konttas[a]netikka.fi, tai 044-0974544<\/span><\/p>\n<p><span style=\"color: #000000;\">HYV\u00c4\u00c4 MATKAA KAIKILLE<\/span><\/p>\n<p><span style=\"color: #000000;\">Ylistaron Alap\u00e4\u00e4n nuorisoseura r.y.<\/span><\/p>\n ","protected":false},"excerpt":{"rendered":"<p>39.KYR\u00d6NJOKI-MARATON 25.4.2026 Ohjeet juoksijoille ja k\u00e4velij\u00f6ille L\u00e4ht\u00f6: Kaiki kilpasarjat, maraton, \u00bdmaraton, sek\u00e4 10,5km yhteisl\u00e4hd\u00f6ll\u00e4 klo 12.00, kilpailuaika 6h T\u00e4ysmaratonin h\u00f6lkk\u00e4sarja l\u00e4ht\u00f6 kello 10.00, kilpailuaika 8h -huolto on j\u00e4rjestetty my\u00f6s klo 10.00 l\u00e4htij\u00f6ille. Reitti: 10,549km kierros, maraton 4 kierrosta, 1\/2maraton 2 kierrosta, h\u00f6lkk\u00e4 1 kierros -Reitill\u00e4 kilometrimerkinn\u00e4t ja opasteet Huolto: Kolme huoltopistett\u00e4 \/kierros, huolto palvelee reitill\u00e4 [&hellip;]<\/p>\n","protected":false},"author":1,"featured_media":0,"parent":0,"menu_order":0,"comment_status":"closed","ping_status":"closed","template":"","meta":{"footnotes":""},"class_list":["post-65","page","type-page","status-publish","hentry"],"_links":{"self":[{"href":"https:\/\/kyronjokimaraton.com\/index.php?rest_route=\/wp\/v2\/pages\/65","targetHints":{"allow":["GET"]}}],"collection":[{"href":"https:\/\/kyronjokimaraton.com\/index.php?rest_route=\/wp\/v2\/pages"}],"about":[{"href":"https:\/\/kyronjokimaraton.com\/index.php?rest_route=\/wp\/v2\/types\/page"}],"author":[{"embeddable":true,"href":"https:\/\/kyronjokimaraton.com\/index.php?rest_route=\/wp\/v2\/users\/1"}],"replies":[{"embeddable":true,"href":"https:\/\/kyronjokimaraton.com\/index.php?rest_route=%2Fwp%2Fv2%2Fcomments&post=65"}],"version-history":[{"count":9,"href":"https:\/\/kyronjokimaraton.com\/index.php?rest_route=\/wp\/v2\/pages\/65\/revisions"}],"predecessor-version":[{"id":622,"href":"https:\/\/kyronjokimaraton.com\/index.php?rest_route=\/wp\/v2\/pages\/65\/revisions\/622"}],"wp:attachment":[{"href":"https:\/\/kyronjokimaraton.com\/index.php?rest_route=%2Fwp%2Fv2%2Fmedia&parent=65"}],"curies":[{"name":"wp","href":"https:\/\/api.w.org\/{rel}","templated":true}]}}