{"id":63,"date":"2020-01-19T14:13:42","date_gmt":"2020-01-19T14:13:42","guid":{"rendered":"https:\/\/kyronjokimaraton.com\/?page_id=63"},"modified":"2026-01-04T10:38:33","modified_gmt":"2026-01-04T10:38:33","slug":"kilpailukutsu-2020","status":"publish","type":"page","link":"https:\/\/kyronjokimaraton.com\/?page_id=63","title":{"rendered":"Kilpailukutsu 2026"},"content":{"rendered":"<p><span style=\"color: #000000;\">39. KYR\u00d6NJOKI-MARATON<\/span><\/p>\n<p><span style=\"color: #000000;\">25.4.2026 lauantai kello 12.00 \u2013 maratonin h\u00f6lkk\u00e4sarja ennakkol\u00e4hd\u00f6ll\u00e4 kello 10.00<\/span><br \/>\n<span style=\"color: #000000;\">Ylistaron Alap\u00e4\u00e4n Nuorisoseuralla<\/span><br \/>\n<span style=\"color: #000000;\">Alap\u00e4\u00e4ntie 327<\/span><br \/>\n<span style=\"color: #000000;\">61430 Isorehto \u2013 Ylistaro<\/span><\/p>\n<p><span style=\"color: #000000;\">Reitti: Tarkistusmitattu reitti, maratonilla 4 kierrosta, \u00bd maratonilla 2 kierrosta, h\u00f6lkk\u00e4 1 kierros n.10,5km<\/span><br \/>\n<span style=\"color: #000000;\">Sarjat maratonilla: miehet MM, MM40-MM70 10 vuoden v\u00e4lein, naiset MN, MN40-MN50-MN60 T\u00e4yden maratonin yhteinen h\u00f6lkk\u00e4sarja l\u00e4ht\u00f6 kello 10.00<\/span><\/p>\n<p><span style=\"color: #000000;\">Sarjat puolimaratonilla: miehet: PM19, PM, PM40, PM50, PM60, naiset:\u00a0 PN19, PN, PN40, PN50 ja yhteinen h\u00f6lkk\u00e4sarja<\/span><br \/>\n<span style=\"color: #000000;\">10,5km matkalla ei ole erikseen sarjoja<\/span><\/p>\n<p><span style=\"color: #000000;\">L\u00e4ht\u00f6:<\/span><br \/>\n<strong><span style=\"color: #000000;\">Maratonin yhteinen h\u00f6lkk\u00e4sarja, l\u00e4ht\u00f6 kello 10.00 (huom. t\u00e4m\u00e4 ei ole kilpasarja, vaikka aika otetaankin)<\/span><\/strong><\/p>\n<p><span style=\"color: #000000;\">Maraton <em>kilpasarjat<\/em>, yleinen ja ik\u00e4sarjat, l\u00e4ht\u00f6 kello 12.00<\/span><br \/>\n<span style=\"color: #000000;\">\u00bdmaraton kaikki sarjat, my\u00f6s h\u00f6lkk\u00e4, l\u00e4ht\u00f6 kello 12.00<\/span><br \/>\n<span style=\"color: #000000;\">10,5 km h\u00f6lkk\u00e4, l\u00e4ht\u00f6 kello 12.00<\/span><\/p>\n<p><span style=\"color: #000000;\">Palkinnot:<\/span><br \/>\n<span style=\"color: #000000;\">Mitali kaikille, kilpasarjoissa palkitaan 5 parasta, lis\u00e4ksi arvontapalkintoja<\/span><\/p>\n<p><span style=\"color: #000000;\">Erikoisedut:<\/span><br \/>\n<span style=\"color: #000000;\">Kymmenest\u00e4 Kyr\u00f6njoki-maratonista sein\u00e4kello tai erikoismitali<\/span><\/p>\n<p><span style=\"color: #000000;\">Ennakkoilmoittautumisen hinnat, p\u00e4\u00e4ttyy 15.4.2026:<\/span><br \/>\n<span style=\"color: #000000;\">Maraton 50\u20ac<\/span><br \/>\n<span style=\"color: #000000;\">Puolimaraton 40\u20ac<\/span><br \/>\n<span style=\"color: #000000;\">10,5km 20\u20ac<\/span><\/p>\n<p><span style=\"color: #000000;\">J\u00e4lki-ilmoittautumisen hinnat kisap\u00e4iv\u00e4n\u00e4 paikan p\u00e4\u00e4ll\u00e4 (my\u00f6s korttimaksukin k\u00e4y)<\/span><br \/>\n<span style=\"color: #000000;\">Maraton 65\u20ac<\/span><br \/>\n<span style=\"color: #000000;\">Puolimaraton 55\u20ac<\/span><br \/>\n<span style=\"color: #000000;\">10,5km 30\u20ac<\/span><\/p>\n<p><span style=\"color: #000000;\">Alennus:<\/span><br \/>\n<span style=\"color: #000000;\">Juoksijakortilla 5\u20ac alennus maraton ja \u00bdmaraton sarjoissa. Alennukseen olet oikeutettu, kun ilmoitat juoksijakortin numeron ilmoittautumislomakkeella tai j\u00e4lki-ilmoittautumisen yhteydess\u00e4 esitt\u00e4m\u00e4ll\u00e4 korttisi.<\/span><br \/>\n<span style=\"color: #000000;\">Ty\u00f6nantajan tyky-tempauksissa, ota yhteytt\u00e4 kjm(a)kyronjokimaraton.com<\/span><\/p>\n<p><span style=\"color: #000000;\">Ilmoittautuminen:<\/span><br \/>\n<span style=\"color: #000000;\">Kilpailuun ilmoittautuminen on mahdollista vain n\u00e4iden kotisivujemme kautta, ilmoittautumislomakkeelle p\u00e4\u00e4set etusivulta l\u00f6ytyv\u00e4st\u00e4 linkist\u00e4.<\/span><\/p>\n<p><span style=\"color: #000000;\">Maksaminen:<\/span><br \/>\n<span style=\"color: #000000;\">Kun olet ensin ilmoittautunut, mene sitten takaisin etusivulle, avaa ja tulosta sielt\u00e4 l\u00f6ytyv\u00e4 pankkisiirto, sek\u00e4 toimi pankkisiirrolla olevien ohjeiden mukaan. Pankkisiirron avaamiseen tarvitset pdf-katseluohjelman. \u00a0 \u00a0<\/span><\/p>\n<p><span style=\"color: #000000;\">Ohjeet ja s\u00e4\u00e4nn\u00f6t:<\/span><br \/>\n<span style=\"color: #000000;\">Sinun on hyv\u00e4ksytt\u00e4v\u00e4 Kyr\u00f6njoki-maratonin s\u00e4\u00e4nn\u00f6t ja on hyv\u00e4 my\u00f6s tutustua ohjeisiin, voidaksesi kilpailla meill\u00e4, ne l\u00f6ytyv\u00e4t sivuiltamme.<\/span><\/p>\n<p><span style=\"color: #000000;\">T\u00e4m\u00e4 on ainoa kanava ennakkoilmoittautumiseen, toimi ohjeiden mukaan. Jos kuitenkin tuli virhe, tai on jotain ep\u00e4selv\u00e4\u00e4, ota yhteytt\u00e4 s\u00e4hk\u00f6postilla kjm[a]kyronjokimaraton.com Yleisess\u00e4 asiassa ja palautteessa k\u00e4ytt\u00e4k\u00e4\u00e4 palautelomakettamme.<\/span><\/p>\n ","protected":false},"excerpt":{"rendered":"<p>39. KYR\u00d6NJOKI-MARATON 25.4.2026 lauantai kello 12.00 \u2013 maratonin h\u00f6lkk\u00e4sarja ennakkol\u00e4hd\u00f6ll\u00e4 kello 10.00 Ylistaron Alap\u00e4\u00e4n Nuorisoseuralla Alap\u00e4\u00e4ntie 327 61430 Isorehto \u2013 Ylistaro Reitti: Tarkistusmitattu reitti, maratonilla 4 kierrosta, \u00bd maratonilla 2 kierrosta, h\u00f6lkk\u00e4 1 kierros n.10,5km Sarjat maratonilla: miehet MM, MM40-MM70 10 vuoden v\u00e4lein, naiset MN, MN40-MN50-MN60 T\u00e4yden maratonin yhteinen h\u00f6lkk\u00e4sarja l\u00e4ht\u00f6 kello 10.00 Sarjat puolimaratonilla: [&hellip;]<\/p>\n","protected":false},"author":1,"featured_media":0,"parent":0,"menu_order":0,"comment_status":"closed","ping_status":"closed","template":"","meta":{"footnotes":""},"class_list":["post-63","page","type-page","status-publish","hentry"],"_links":{"self":[{"href":"https:\/\/kyronjokimaraton.com\/index.php?rest_route=\/wp\/v2\/pages\/63","targetHints":{"allow":["GET"]}}],"collection":[{"href":"https:\/\/kyronjokimaraton.com\/index.php?rest_route=\/wp\/v2\/pages"}],"about":[{"href":"https:\/\/kyronjokimaraton.com\/index.php?rest_route=\/wp\/v2\/types\/page"}],"author":[{"embeddable":true,"href":"https:\/\/kyronjokimaraton.com\/index.php?rest_route=\/wp\/v2\/users\/1"}],"replies":[{"embeddable":true,"href":"https:\/\/kyronjokimaraton.com\/index.php?rest_route=%2Fwp%2Fv2%2Fcomments&post=63"}],"version-history":[{"count":16,"href":"https:\/\/kyronjokimaraton.com\/index.php?rest_route=\/wp\/v2\/pages\/63\/revisions"}],"predecessor-version":[{"id":616,"href":"https:\/\/kyronjokimaraton.com\/index.php?rest_route=\/wp\/v2\/pages\/63\/revisions\/616"}],"wp:attachment":[{"href":"https:\/\/kyronjokimaraton.com\/index.php?rest_route=%2Fwp%2Fv2%2Fmedia&parent=63"}],"curies":[{"name":"wp","href":"https:\/\/api.w.org\/{rel}","templated":true}]}}