{"id":2,"date":"2020-01-17T20:32:38","date_gmt":"2020-01-17T20:32:38","guid":{"rendered":"https:\/\/kyronjokimaraton.com\/?page_id=2"},"modified":"2026-04-25T14:10:30","modified_gmt":"2026-04-25T14:10:30","slug":"etusivu","status":"publish","type":"page","link":"https:\/\/kyronjokimaraton.com\/","title":{"rendered":"Etusivu"},"content":{"rendered":"\r\n<h2>39. Kyr\u00f6njoki Maraton 25.4.2026<\/h2>\r\n<p>&nbsp;<\/p>\r\n<p><a href=\"https:\/\/kyronjokimaraton.com\/wp-content\/uploads\/2026\/04\/39.-Kyronjoki-maraton-tulos.pdf\" target=\"_blank\" rel=\"noopener\">Kisa juostu ja tulokset t\u00e4\u00e4ll\u00e4.<\/a><\/p>\r\n<h1>\u00a0<\/h1>\r\n<hr \/>\r\n<p><span style=\"color: #000000;\"><strong>T\u00e4n\u00e4 vuonna sponsorimme :<\/strong><\/span><\/p>\r\n<p><img loading=\"lazy\" decoding=\"async\" class=\"alignleft  wp-image-576\" src=\"https:\/\/kyronjokimaraton.com\/wp-content\/uploads\/2025\/04\/horlin.jpg\" alt=\"\" width=\"906\" height=\"322\" srcset=\"https:\/\/kyronjokimaraton.com\/wp-content\/uploads\/2025\/04\/horlin.jpg 1224w, https:\/\/kyronjokimaraton.com\/wp-content\/uploads\/2025\/04\/horlin-627x223.jpg 627w, https:\/\/kyronjokimaraton.com\/wp-content\/uploads\/2025\/04\/horlin-1024x364.jpg 1024w, https:\/\/kyronjokimaraton.com\/wp-content\/uploads\/2025\/04\/horlin-421x150.jpg 421w, https:\/\/kyronjokimaraton.com\/wp-content\/uploads\/2025\/04\/horlin-768x273.jpg 768w, https:\/\/kyronjokimaraton.com\/wp-content\/uploads\/2025\/04\/horlin-3x1.jpg 3w\" sizes=\"auto, (max-width: 906px) 100vw, 906px\" \/><\/p>\r\n<p>&nbsp;<\/p>\r\n<p>&nbsp;<\/p>\r\n<p>&nbsp;<\/p>\r\n<p>&nbsp;<\/p>\r\n<p>&nbsp;<\/p>\r\n<p>&nbsp;<\/p>\r\n<p>&nbsp;<\/p>\r\n<p>&nbsp;<\/p>\r\n<p>&nbsp;<\/p>\r\n<p>&nbsp;<\/p>\r\n<p>&nbsp;<\/p>\r\n<p>&nbsp;<\/p>\r\n<p><strong><span style=\"color: #000000;\">KIITOS TUESTANNE<\/span><\/strong><\/p>\r\n<p>&nbsp;<\/p>\r\n<p>&nbsp;<\/p>\r\n<p><img loading=\"lazy\" decoding=\"async\" class=\"alignleft size-full wp-image-147\" src=\"https:\/\/kyronjokimaraton.com\/wp-content\/uploads\/2020\/02\/certificate_kyr\u00f6njoki_19.jpg\" alt=\"\" width=\"914\" height=\"1396\" srcset=\"https:\/\/kyronjokimaraton.com\/wp-content\/uploads\/2020\/02\/certificate_kyr\u00f6njoki_19.jpg 914w, https:\/\/kyronjokimaraton.com\/wp-content\/uploads\/2020\/02\/certificate_kyr\u00f6njoki_19-196x300.jpg 196w, https:\/\/kyronjokimaraton.com\/wp-content\/uploads\/2020\/02\/certificate_kyr\u00f6njoki_19-670x1024.jpg 670w, https:\/\/kyronjokimaraton.com\/wp-content\/uploads\/2020\/02\/certificate_kyr\u00f6njoki_19-768x1173.jpg 768w, https:\/\/kyronjokimaraton.com\/wp-content\/uploads\/2020\/02\/certificate_kyr\u00f6njoki_19-1x1.jpg 1w\" sizes=\"auto, (max-width: 914px) 100vw, 914px\" \/><\/p>\r\n<p>&nbsp;<\/p>\r\n<p>&nbsp;<\/p>\r\n<p><img loading=\"lazy\" decoding=\"async\" class=\"alignleft size-full wp-image-70\" src=\"https:\/\/kyronjokimaraton.com\/wp-content\/uploads\/2020\/01\/image003.jpg\" alt=\"\" width=\"82\" height=\"86\" srcset=\"https:\/\/kyronjokimaraton.com\/wp-content\/uploads\/2020\/01\/image003.jpg 82w, https:\/\/kyronjokimaraton.com\/wp-content\/uploads\/2020\/01\/image003-1x1.jpg 1w\" sizes=\"auto, (max-width: 82px) 100vw, 82px\" \/><\/p>\r\n ","protected":false},"excerpt":{"rendered":"<p>39. Kyr\u00f6njoki Maraton 25.4.2026 &nbsp; Kisa juostu ja tulokset t\u00e4\u00e4ll\u00e4. \u00a0 T\u00e4n\u00e4 vuonna sponsorimme : &nbsp; &nbsp; &nbsp; &nbsp; &nbsp; &nbsp; &nbsp; &nbsp; &nbsp; &nbsp; &nbsp; &nbsp; KIITOS TUESTANNE &nbsp; &nbsp; &nbsp; &nbsp;<\/p>\n","protected":false},"author":1,"featured_media":5,"parent":0,"menu_order":0,"comment_status":"closed","ping_status":"open","template":"","meta":{"footnotes":""},"class_list":["post-2","page","type-page","status-publish","has-post-thumbnail","hentry"],"_links":{"self":[{"href":"https:\/\/kyronjokimaraton.com\/index.php?rest_route=\/wp\/v2\/pages\/2","targetHints":{"allow":["GET"]}}],"collection":[{"href":"https:\/\/kyronjokimaraton.com\/index.php?rest_route=\/wp\/v2\/pages"}],"about":[{"href":"https:\/\/kyronjokimaraton.com\/index.php?rest_route=\/wp\/v2\/types\/page"}],"author":[{"embeddable":true,"href":"https:\/\/kyronjokimaraton.com\/index.php?rest_route=\/wp\/v2\/users\/1"}],"replies":[{"embeddable":true,"href":"https:\/\/kyronjokimaraton.com\/index.php?rest_route=%2Fwp%2Fv2%2Fcomments&post=2"}],"version-history":[{"count":85,"href":"https:\/\/kyronjokimaraton.com\/index.php?rest_route=\/wp\/v2\/pages\/2\/revisions"}],"predecessor-version":[{"id":648,"href":"https:\/\/kyronjokimaraton.com\/index.php?rest_route=\/wp\/v2\/pages\/2\/revisions\/648"}],"wp:featuredmedia":[{"embeddable":true,"href":"https:\/\/kyronjokimaraton.com\/index.php?rest_route=\/wp\/v2\/media\/5"}],"wp:attachment":[{"href":"https:\/\/kyronjokimaraton.com\/index.php?rest_route=%2Fwp%2Fv2%2Fmedia&parent=2"}],"curies":[{"name":"wp","href":"https:\/\/api.w.org\/{rel}","templated":true}]}}