{"id":101,"date":"2020-01-23T17:24:48","date_gmt":"2020-01-23T17:24:48","guid":{"rendered":"https:\/\/kyronjokimaraton.com\/?page_id=101"},"modified":"2026-04-25T14:11:26","modified_gmt":"2026-04-25T14:11:26","slug":"tulokset","status":"publish","type":"page","link":"https:\/\/kyronjokimaraton.com\/?page_id=101","title":{"rendered":"Tulokset"},"content":{"rendered":"<p><span style=\"color: #000000;\">T\u00e4lle sivulle arkistoin kaikki tulokset 2003 alkaen .pdf muodossa.<\/span><\/p>\n<p><span style=\"color: #000000;\">Kolmena vuotena per\u00e4kk\u00e4in saimme j\u00e4rjestett\u00e4v\u00e4ksi kalevankiert\u00e4jien maraton-osuuden:<\/span><\/p>\n<ul>\n<li><strong><span style=\"color: #800000;\"><a style=\"color: #800000;\" href=\"https:\/\/kyronjokimaraton.com\/wp-content\/uploads\/2020\/01\/Kalevankierros-2005.pdf\">Kalevankierros 2005\u00a0\u00a0<\/a> <a style=\"color: #800000;\" href=\"https:\/\/kyronjokimaraton.com\/wp-content\/uploads\/2020\/01\/Kalevankierros-2004.pdf\">Kalevankierros 2004\u00a0\u00a0<\/a> <\/span><\/strong><a href=\"https:\/\/kyronjokimaraton.com\/wp-content\/uploads\/2020\/01\/Kalevankierros-2003.pdf\"><strong><span style=\"color: #800000;\">Kalevankierros 2003<\/span><\/strong><\/a><\/li>\n<\/ul>\n<p><span style=\"color: #000000;\">Kyr\u00f6njoki-maratonin tuloslistat on saanut ker\u00e4tty\u00e4 vuodesta 2003 alkaen talteen, suurin piirtei siit\u00e4 l\u00e4htien kun min\u00e4 oon osallistunut toimintaan ja avannut kotisivut. Kilpailuahan on j\u00e4rjestetty vuodesta 1986 alkaen, mutta niit\u00e4 aikaisempia tuloslistoja ei ole l\u00f6ytynyt, ainoastaan t\u00e4yden matkan juoksioiden ajat omana taulukkona, sekun tullaan julkaisemaan taas n\u00e4ill\u00e4 sivuilla kunhan keret\u00e4\u00e4n. 2003-2006 meill\u00e4 oli k\u00e4velij\u00e4t mukana ilman ajanottoa, mutta ovat kuitenkin osallistujat listattuna, 2007 vuodesta eteenp\u00e4in, kaikille on otettu aika.<\/span><\/p>\n<p><em><strong><span style=\"color: #800000;\"><a style=\"color: #800000;\" href=\"https:\/\/kyronjokimaraton.com\/wp-content\/uploads\/2020\/02\/18-kjm-kavelijat-2003.pdf\">18 kjm kavelijat 2003<\/a>\u00a0 &#8211; <a style=\"color: #800000;\" href=\"https:\/\/kyronjokimaraton.com\/wp-content\/uploads\/2020\/02\/18-kjm-2003.pdf\">18 kjm 2003<\/a>\u00a0 &#8211; <a style=\"color: #800000;\" href=\"https:\/\/kyronjokimaraton.com\/wp-content\/uploads\/2020\/02\/19-kjm-kavelijat-2004.pdf\">19 kjm kavelijat 2004<\/a>\u00a0 &#8211; <a style=\"color: #800000;\" href=\"https:\/\/kyronjokimaraton.com\/wp-content\/uploads\/2020\/02\/19-kjm-2004.pdf\">19 kjm 2004<\/a>\u00a0 &#8211; <a style=\"color: #800000;\" href=\"https:\/\/kyronjokimaraton.com\/wp-content\/uploads\/2020\/02\/20-kjm-2005.pdf\">20 kjm 2005<\/a>\u00a0 &#8211; <a style=\"color: #800000;\" href=\"https:\/\/kyronjokimaraton.com\/wp-content\/uploads\/2020\/02\/20-kjm-kavelijat-2005.pdf\">20 kjm kavelijat 2005<\/a>\u00a0 &#8211; <a style=\"color: #800000;\" href=\"https:\/\/kyronjokimaraton.com\/wp-content\/uploads\/2020\/02\/21-kjm-2006.pdf\">21 kjm 2006<\/a>\u00a0 &#8211; <a style=\"color: #800000;\" href=\"https:\/\/kyronjokimaraton.com\/wp-content\/uploads\/2020\/02\/21-kjm-kavelijat-2006.pdf\">21 kjm kavelijat 2006<\/a>\u00a0 &#8211; <a style=\"color: #800000;\" href=\"https:\/\/kyronjokimaraton.com\/wp-content\/uploads\/2020\/02\/22-kjm-2007.pdf\">22 kjm 2007<\/a>\u00a0 &#8211; <a style=\"color: #800000;\" href=\"https:\/\/kyronjokimaraton.com\/wp-content\/uploads\/2020\/02\/21kjm-2006.pdf\">21kjm 2006<\/a>\u00a0 &#8211; <a style=\"color: #800000;\" href=\"https:\/\/kyronjokimaraton.com\/wp-content\/uploads\/2020\/02\/23-kjm-2008.pdf\">23 kjm 2008<\/a>\u00a0 &#8211; <a style=\"color: #800000;\" href=\"https:\/\/kyronjokimaraton.com\/wp-content\/uploads\/2020\/02\/24-kjm-2009.pdf\">24 kjm 2009<\/a>\u00a0 &#8211; <a style=\"color: #800000;\" href=\"https:\/\/kyronjokimaraton.com\/wp-content\/uploads\/2020\/02\/25-kjm-2010.pdf\">25 kjm 2010<\/a>\u00a0 &#8211; <a style=\"color: #800000;\" href=\"https:\/\/kyronjokimaraton.com\/wp-content\/uploads\/2020\/02\/27-kjm-2012.pdf\">27 kjm 2012<\/a>\u00a0 &#8211; <a style=\"color: #800000;\" href=\"https:\/\/kyronjokimaraton.com\/wp-content\/uploads\/2020\/02\/26-kjm-2011.pdf\">26 kjm 2011<\/a> &#8211;\u00a0 <a style=\"color: #800000;\" href=\"https:\/\/kyronjokimaraton.com\/wp-content\/uploads\/2020\/02\/28-kjm-2013.pdf\">28 kjm 2013<\/a>\u00a0 &#8211; <a style=\"color: #800000;\" href=\"https:\/\/kyronjokimaraton.com\/wp-content\/uploads\/2020\/02\/29-kjm-2014.pdf\">29 kjm 2014<\/a>\u00a0 &#8211; <a style=\"color: #800000;\" href=\"https:\/\/kyronjokimaraton.com\/wp-content\/uploads\/2020\/02\/30-kjm-2015.pdf\">30 kjm 2015<\/a>\u00a0 &#8211; <a style=\"color: #800000;\" href=\"https:\/\/kyronjokimaraton.com\/wp-content\/uploads\/2020\/02\/31-kjm-2016.pdf\">31 kjm 2016<\/a>\u00a0 &#8211; <a style=\"color: #800000;\" href=\"https:\/\/kyronjokimaraton.com\/wp-content\/uploads\/2020\/02\/32-kjm-2017.pdf\">32 kjm 2017<\/a>\u00a0 &#8211; <a style=\"color: #800000;\" href=\"https:\/\/kyronjokimaraton.com\/wp-content\/uploads\/2020\/02\/33-kjm-2018.pdf\">33 kjm 2018<\/a> &#8211; <\/span><\/strong><\/em><a href=\"https:\/\/kyronjokimaraton.com\/wp-content\/uploads\/2020\/02\/34-kjm-2019.pdf\"><em><strong><span style=\"color: #800000;\">34 kjm 2019\u00a0<\/span><\/strong><\/em><\/a><\/p>\n<p><em><strong><span style=\"color: #993366;\"><a style=\"color: #993366;\" href=\"https:\/\/kyronjokimaraton.com\/wp-content\/uploads\/2022\/04\/35.-Kyronjoki-maraton-1.pdf\" target=\"_blank\" rel=\"noopener\">Kahden koronavuoden j\u00e4lkeen 35. Kyr\u00f6njoki-maraton 2022<\/a><\/span><\/strong><\/em><\/p>\n<p><a href=\"https:\/\/kyronjokimaraton.com\/wp-content\/uploads\/2023\/04\/36KJM_tulos.pdf\" target=\"_blank\" rel=\"noopener\"><strong><span style=\"color: #993300;\">36.Kjm 2023\u00a0<\/span><\/strong><\/a><\/p>\n<p><a href=\"https:\/\/kyronjokimaraton.com\/wp-content\/uploads\/2024\/05\/37KJM_tulos.pdf\" target=\"_blank\" rel=\"noopener\"><span style=\"color: #800000;\"><strong>37.Kjm 2024\u00a0<\/strong><\/span><\/a><\/p>\n<p><a href=\"https:\/\/kyronjokimaraton.com\/wp-content\/uploads\/2025\/04\/38.-Kyronjoki-maraton-tulos.pdf\" target=\"_blank\" rel=\"noopener\"><span style=\"color: #800080;\"><strong>38.Kjm 2025<\/strong><\/span><\/a><\/p>\n<p><a href=\"https:\/\/kyronjokimaraton.com\/wp-content\/uploads\/2026\/04\/39.-Kyronjoki-maraton-tulos.pdf\" target=\"_blank\" rel=\"noopener\">39.Kjm 2026<\/a><\/p>\n ","protected":false},"excerpt":{"rendered":"<p>T\u00e4lle sivulle arkistoin kaikki tulokset 2003 alkaen .pdf muodossa. Kolmena vuotena per\u00e4kk\u00e4in saimme j\u00e4rjestett\u00e4v\u00e4ksi kalevankiert\u00e4jien maraton-osuuden: Kalevankierros 2005\u00a0\u00a0 Kalevankierros 2004\u00a0\u00a0 Kalevankierros 2003 Kyr\u00f6njoki-maratonin tuloslistat on saanut ker\u00e4tty\u00e4 vuodesta 2003 alkaen talteen, suurin piirtei siit\u00e4 l\u00e4htien kun min\u00e4 oon osallistunut toimintaan ja avannut kotisivut. Kilpailuahan on j\u00e4rjestetty vuodesta 1986 alkaen, mutta niit\u00e4 aikaisempia tuloslistoja ei ole [&hellip;]<\/p>\n","protected":false},"author":1,"featured_media":0,"parent":0,"menu_order":0,"comment_status":"closed","ping_status":"closed","template":"","meta":{"footnotes":""},"class_list":["post-101","page","type-page","status-publish","hentry"],"_links":{"self":[{"href":"https:\/\/kyronjokimaraton.com\/index.php?rest_route=\/wp\/v2\/pages\/101","targetHints":{"allow":["GET"]}}],"collection":[{"href":"https:\/\/kyronjokimaraton.com\/index.php?rest_route=\/wp\/v2\/pages"}],"about":[{"href":"https:\/\/kyronjokimaraton.com\/index.php?rest_route=\/wp\/v2\/types\/page"}],"author":[{"embeddable":true,"href":"https:\/\/kyronjokimaraton.com\/index.php?rest_route=\/wp\/v2\/users\/1"}],"replies":[{"embeddable":true,"href":"https:\/\/kyronjokimaraton.com\/index.php?rest_route=%2Fwp%2Fv2%2Fcomments&post=101"}],"version-history":[{"count":13,"href":"https:\/\/kyronjokimaraton.com\/index.php?rest_route=\/wp\/v2\/pages\/101\/revisions"}],"predecessor-version":[{"id":649,"href":"https:\/\/kyronjokimaraton.com\/index.php?rest_route=\/wp\/v2\/pages\/101\/revisions\/649"}],"wp:attachment":[{"href":"https:\/\/kyronjokimaraton.com\/index.php?rest_route=%2Fwp%2Fv2%2Fmedia&parent=101"}],"curies":[{"name":"wp","href":"https:\/\/api.w.org\/{rel}","templated":true}]}}